{"id":1632,"date":"2024-03-19T00:56:21","date_gmt":"2024-03-19T04:56:21","guid":{"rendered":"https:\/\/lakropusa.com\/?page_id=1632"},"modified":"2024-05-02T14:44:21","modified_gmt":"2024-05-02T18:44:21","slug":"faq","status":"publish","type":"page","link":"https:\/\/lakropusa.com\/es\/faq\/","title":{"rendered":"Preguntas Frecuentes"},"content":{"rendered":"<div data-elementor-type=\"wp-page\" data-elementor-id=\"1632\" class=\"elementor elementor-1632\">\n\t\t\t\t<div class=\"elementor-element elementor-element-40b75028 e-flex e-con-boxed e-con e-parent\" data-id=\"40b75028\" data-element_type=\"container\" data-settings=\"{&quot;background_background&quot;:&quot;classic&quot;}\">\n\t\t\t\t\t<div class=\"e-con-inner\">\n\t\t\t\t<div class=\"elementor-element elementor-element-70b195a5 elementor-widget elementor-widget-heading\" data-id=\"70b195a5\" data-element_type=\"widget\" data-widget_type=\"heading.default\">\n\t\t\t\t<div class=\"elementor-widget-container\">\n\t\t\t\t\t<h1 class=\"elementor-heading-title elementor-size-default\">PREGUNTAS FRECUENTES<\/h1>\t\t\t\t<\/div>\n\t\t\t\t<\/div>\n\t\t\t\t\t<\/div>\n\t\t\t\t<\/div>\n\t\t<div class=\"elementor-element elementor-element-2c66385 e-flex e-con-boxed e-con e-parent\" data-id=\"2c66385\" data-element_type=\"container\">\n\t\t\t\t\t<div class=\"e-con-inner\">\n\t\t\t\t<div class=\"elementor-element elementor-element-ab3a9fa elementor-widget elementor-widget-heading\" data-id=\"ab3a9fa\" data-element_type=\"widget\" data-widget_type=\"heading.default\">\n\t\t\t\t<div class=\"elementor-widget-container\">\n\t\t\t\t\t<h3 class=\"elementor-heading-title elementor-size-default\">\u00bf Qu\u00e9 es el Alaciado Japon\u00e9s y el Alaciado Nano Japon\u00e9s?<\/h3>\t\t\t\t<\/div>\n\t\t\t\t<\/div>\n\t\t\t\t<div class=\"elementor-element elementor-element-7c1ef8c elementor-widget elementor-widget-text-editor\" data-id=\"7c1ef8c\" data-element_type=\"widget\" data-widget_type=\"text-editor.default\">\n\t\t\t\t<div class=\"elementor-widget-container\">\n\t\t\t\t\t\t\t\t\t<p>El Alaciado Japon\u00e9s es una t\u00e9cnica moderna que ofrece un sistema semi permanente y de efecto progresivo que contribuye a mantener un cabellos lacio y saludable por mucho m\u00e1s tiempo, incluso lavada tras lavada. Esto no quiere decir que sea 100% permanente, ya que la experiencia ha demostrado que existen factores ambientales importante en la duraci\u00f3n y efectividad del tratamiento. Sin embargo, el tratamiento, al ser de origen natural y org\u00e1nico, puede aplicarse en cualquier tipo de cabello, incluso en los que han sido sometidos a otros tratamientos qu\u00edmicos como coloraci\u00f3n y permanentes invasivos de otros tipo, aunque puede requerir varias aplicaciones para que su duraci\u00f3n sea m\u00e1s prolongada, y se mantenga un cabello saludable, aunque ya haya pasado el efecto lacio que proporciona el tratamiento, facilitando la efectividad para una segunda aplicaci\u00f3n.<\/p><p>\u00a0<\/p><p>Por otro lado, el Alaciado Nano Japon\u00e9s es una versi\u00f3n avanzada del Alaciado Japon\u00e9s que utiliza tecnolog\u00eda nano para lograr resultados a\u00fan m\u00e1s duraderos y efectivos. Aunque sigue los mismos principios que su predecesor, el Alaciado Nano Japon\u00e9s emplea tecnolog\u00eda nano para mejorar su eficacia y prolongar su duraci\u00f3n en el cabello.<\/p>\t\t\t\t\t\t\t\t<\/div>\n\t\t\t\t<\/div>\n\t\t\t\t\t<\/div>\n\t\t\t\t<\/div>\n\t\t<div class=\"elementor-element elementor-element-6ba9697 e-flex e-con-boxed e-con e-parent\" data-id=\"6ba9697\" data-element_type=\"container\">\n\t\t\t\t\t<div class=\"e-con-inner\">\n\t\t\t\t<div class=\"elementor-element elementor-element-6320b35 elementor-widget elementor-widget-heading\" data-id=\"6320b35\" data-element_type=\"widget\" data-widget_type=\"heading.default\">\n\t\t\t\t<div class=\"elementor-widget-container\">\n\t\t\t\t\t<h3 class=\"elementor-heading-title elementor-size-default\">\u00bf Cu\u00e1l es la duracion del Alaciado Japon\u00e9s?<\/h3>\t\t\t\t<\/div>\n\t\t\t\t<\/div>\n\t\t\t\t<div class=\"elementor-element elementor-element-bba725e elementor-widget elementor-widget-text-editor\" data-id=\"bba725e\" data-element_type=\"widget\" data-widget_type=\"text-editor.default\">\n\t\t\t\t<div class=\"elementor-widget-container\">\n\t\t\t\t\t\t\t\t\t<p>Nuestro producto de Alaciado Japon\u00e9s y Nano Japon\u00e9s son productos de bajo nivel qu\u00edmico, compuestos por elementos org\u00e1nicos de la m\u00e1s alta calidad, lo que los hace un producto de reparaci\u00f3n y aplicaci\u00f3n progresiva que restaura en cada aplicaci\u00f3n los cabellos que se encuentren demasiado da\u00f1ados. Sin embargo, un cabello en condiciones normales puede mantener el efecto de alaciado de 4 a 6 meses, dependiendo del cuidado constante que se den del tratamiento y de la aplicaci\u00f3n efectiva del mismo. Ofrecemos cursos pagos e informaci\u00f3n constante sobre orientaci\u00f3n para aplicaciones y mantenimientos, as\u00ed c\u00f3mo productos complementarios que contribuyen a la prolongaci\u00f3n del efecto del tratamiento: Shapoo Sin Parabenos, Aceite de Arg\u00e1n para el Cabellos y Mascarilla Capilar con col\u00e1geno.<\/p>\t\t\t\t\t\t\t\t<\/div>\n\t\t\t\t<\/div>\n\t\t\t\t\t<\/div>\n\t\t\t\t<\/div>\n\t\t<div class=\"elementor-element elementor-element-553092ec e-flex e-con-boxed e-con e-parent\" data-id=\"553092ec\" data-element_type=\"container\">\n\t\t\t\t\t<div class=\"e-con-inner\">\n\t\t\t\t<div class=\"elementor-element elementor-element-3feb402b elementor-widget elementor-widget-heading\" data-id=\"3feb402b\" data-element_type=\"widget\" data-widget_type=\"heading.default\">\n\t\t\t\t<div class=\"elementor-widget-container\">\n\t\t\t\t\t<h3 class=\"elementor-heading-title elementor-size-default\">\u00bfDiferencia entre un Alisado y un Alaciado?<\/h3>\t\t\t\t<\/div>\n\t\t\t\t<\/div>\n\t\t\t\t<div class=\"elementor-element elementor-element-470b693c elementor-widget elementor-widget-text-editor\" data-id=\"470b693c\" data-element_type=\"widget\" data-widget_type=\"text-editor.default\">\n\t\t\t\t<div class=\"elementor-widget-container\">\n\t\t\t\t\t\t\t\t\t<p>A nivel est\u00e9tico, podemos confundir ambos t\u00e9rminos, sin embargo, es importante recordarles que un cabello liso no es necesariamente un cabello lacio. Les invitamos a checar en nuestro videos demostrativos que nuestros productos contribuyen a la aplicaci\u00f3n de un sistema de Alaciado, lo cual brinda un brillo natural y saludable, restaura la fibra del cabello da\u00f1ado, incluso de cabellos que no son lisos naturales. Y para los cabellos lisos naturales les proporciona una movilidad y ca\u00edda natural adicional propia de cabellos lacios en excelente estado.<\/p>\t\t\t\t\t\t\t\t<\/div>\n\t\t\t\t<\/div>\n\t\t\t\t\t<\/div>\n\t\t\t\t<\/div>\n\t\t<div class=\"elementor-element elementor-element-4fc6498b e-flex e-con-boxed e-con e-parent\" data-id=\"4fc6498b\" data-element_type=\"container\">\n\t\t\t\t\t<div class=\"e-con-inner\">\n\t\t\t\t<div class=\"elementor-element elementor-element-312a861e elementor-widget elementor-widget-heading\" data-id=\"312a861e\" data-element_type=\"widget\" data-widget_type=\"heading.default\">\n\t\t\t\t<div class=\"elementor-widget-container\">\n\t\t\t\t\t<h3 class=\"elementor-heading-title elementor-size-default\">\u00bf Puedo Aplicarme el Tratamiendo de Alaciado Japon\u00e9s y Nano Japon\u00e9s en cabello te\u00f1ido?<\/h3>\t\t\t\t<\/div>\n\t\t\t\t<\/div>\n\t\t\t\t<div class=\"elementor-element elementor-element-2c1f87a9 elementor-widget elementor-widget-text-editor\" data-id=\"2c1f87a9\" data-element_type=\"widget\" data-widget_type=\"text-editor.default\">\n\t\t\t\t<div class=\"elementor-widget-container\">\n\t\t\t\t\t\t\t\t\t<p>Efectivamente puedes aplicarlo incluso despu\u00e9s de haberte sometido a una decoloraci\u00f3n y colocaci\u00f3n qu\u00edmica, y puede ser hasta recomendable dependiendo del efecto invasivo y el da\u00f1o al que hayas sometido tu cabello por la coloraci\u00f3n. Tambi\u00e9n, puede aplicar coloraci\u00f3n, decoloraci\u00f3n, luces y otros tratamientos qu\u00edmicos despu\u00e9s de haber aplicado tu tratamiento de alaciado sin ning\u00fan problema.<\/p>\t\t\t\t\t\t\t\t<\/div>\n\t\t\t\t<\/div>\n\t\t\t\t\t<\/div>\n\t\t\t\t<\/div>\n\t\t\t\t<\/div>","protected":false},"excerpt":{"rendered":"<p>FREQUENTLY ASKED QUESTIONS What is Japanese Straightening and Nano Japanese Straightening? Japanese Straightening is a modern technique that offers a semi-permanent and progressive system that helps keep hair straight and healthy for much longer, even wash after wash. This does not mean it is 100% permanent, as experience has shown that important environmental factors affect [&hellip;]<\/p>","protected":false},"author":1,"featured_media":0,"parent":0,"menu_order":0,"comment_status":"closed","ping_status":"closed","template":"","meta":{"_uag_custom_page_level_css":"","site-sidebar-layout":"no-sidebar","site-content-layout":"page-builder","ast-site-content-layout":"full-width-container","site-content-style":"default","site-sidebar-style":"default","ast-global-header-display":"","ast-banner-title-visibility":"","ast-main-header-display":"","ast-hfb-above-header-display":"","ast-hfb-below-header-display":"","ast-hfb-mobile-header-display":"","site-post-title":"disabled","ast-breadcrumbs-content":"","ast-featured-img":"disabled","footer-sml-layout":"","ast-disable-related-posts":"","theme-transparent-header-meta":"","adv-header-id-meta":"","stick-header-meta":"","header-above-stick-meta":"","header-main-stick-meta":"","header-below-stick-meta":"","astra-migrate-meta-layouts":"default","ast-page-background-enabled":"default","ast-page-background-meta":{"desktop":{"background-color":"var(--ast-global-color-4)","background-image":"","background-repeat":"repeat","background-position":"center center","background-size":"auto","background-attachment":"scroll","background-type":"","background-media":"","overlay-type":"","overlay-color":"","overlay-opacity":"","overlay-gradient":""},"tablet":{"background-color":"","background-image":"","background-repeat":"repeat","background-position":"center center","background-size":"auto","background-attachment":"scroll","background-type":"","background-media":"","overlay-type":"","overlay-color":"","overlay-opacity":"","overlay-gradient":""},"mobile":{"background-color":"","background-image":"","background-repeat":"repeat","background-position":"center center","background-size":"auto","background-attachment":"scroll","background-type":"","background-media":"","overlay-type":"","overlay-color":"","overlay-opacity":"","overlay-gradient":""}},"ast-content-background-meta":{"desktop":{"background-color":"var(--ast-global-color-5)","background-image":"","background-repeat":"repeat","background-position":"center center","background-size":"auto","background-attachment":"scroll","background-type":"","background-media":"","overlay-type":"","overlay-color":"","overlay-opacity":"","overlay-gradient":""},"tablet":{"background-color":"var(--ast-global-color-5)","background-image":"","background-repeat":"repeat","background-position":"center center","background-size":"auto","background-attachment":"scroll","background-type":"","background-media":"","overlay-type":"","overlay-color":"","overlay-opacity":"","overlay-gradient":""},"mobile":{"background-color":"var(--ast-global-color-5)","background-image":"","background-repeat":"repeat","background-position":"center center","background-size":"auto","background-attachment":"scroll","background-type":"","background-media":"","overlay-type":"","overlay-color":"","overlay-opacity":"","overlay-gradient":""}},"_joinchat":[],"footnotes":""},"class_list":["post-1632","page","type-page","status-publish","hentry"],"uagb_featured_image_src":{"full":false,"thumbnail":false,"medium":false,"medium_large":false,"large":false,"1536x1536":false,"2048x2048":false,"trp-custom-language-flag":false,"woocommerce_thumbnail":false,"woocommerce_single":false,"woocommerce_gallery_thumbnail":false},"uagb_author_info":{"display_name":"lakropusaadmin","author_link":"https:\/\/lakropusa.com\/es\/author\/lakropusaadmin\/"},"uagb_comment_info":0,"uagb_excerpt":"FREQUENTLY ASKED QUESTIONS What is Japanese Straightening and Nano Japanese Straightening? Japanese Straightening is a modern technique that offers a semi-permanent and progressive system that helps keep hair straight and healthy for much longer, even wash after wash. This does not mean it is 100% permanent, as experience has shown that important environmental factors affect&hellip;","jetpack_sharing_enabled":true,"_links":{"self":[{"href":"https:\/\/lakropusa.com\/es\/wp-json\/wp\/v2\/pages\/1632","targetHints":{"allow":["GET"]}}],"collection":[{"href":"https:\/\/lakropusa.com\/es\/wp-json\/wp\/v2\/pages"}],"about":[{"href":"https:\/\/lakropusa.com\/es\/wp-json\/wp\/v2\/types\/page"}],"author":[{"embeddable":true,"href":"https:\/\/lakropusa.com\/es\/wp-json\/wp\/v2\/users\/1"}],"replies":[{"embeddable":true,"href":"https:\/\/lakropusa.com\/es\/wp-json\/wp\/v2\/comments?post=1632"}],"version-history":[{"count":0,"href":"https:\/\/lakropusa.com\/es\/wp-json\/wp\/v2\/pages\/1632\/revisions"}],"wp:attachment":[{"href":"https:\/\/lakropusa.com\/es\/wp-json\/wp\/v2\/media?parent=1632"}],"curies":[{"name":"wp","href":"https:\/\/api.w.org\/{rel}","templated":true}]}}